{"id":1207,"date":"2020-06-02T19:33:24","date_gmt":"2020-06-02T19:33:24","guid":{"rendered":"https:\/\/kvtools.com\/?page_id=1207"},"modified":"2022-08-30T23:59:20","modified_gmt":"2022-08-30T16:59:20","slug":"conocenos","status":"publish","type":"page","link":"https:\/\/kvtools.com\/en\/conocenos\/","title":{"rendered":"\u00bfQui\u00e9nes somos?"},"content":{"rendered":"<div data-elementor-type=\"wp-page\" data-elementor-id=\"1207\" class=\"elementor elementor-1207\">\n\t\t\t\t\t\t<section data-particle_enable=\"false\" data-particle-mobile-disabled=\"false\" class=\"elementor-section elementor-top-section elementor-element elementor-element-fcf7244 elementor-section-boxed elementor-section-height-default elementor-section-height-default\" data-id=\"fcf7244\" data-element_type=\"section\">\n\t\t\t\t\t\t<div class=\"elementor-container elementor-column-gap-default\">\n\t\t\t\t\t<div class=\"elementor-column elementor-col-100 elementor-top-column elementor-element elementor-element-47b5351\" data-id=\"47b5351\" data-element_type=\"column\">\n\t\t\t<div class=\"elementor-widget-wrap elementor-element-populated\">\n\t\t\t\t\t\t<div class=\"elementor-element elementor-element-acf696e elementor-widget-divider--view-line elementor-widget elementor-widget-divider\" data-id=\"acf696e\" data-element_type=\"widget\" data-widget_type=\"divider.default\">\n\t\t\t\t<div class=\"elementor-widget-container\">\n\t\t\t\t\t<div class=\"elementor-divider\">\n\t\t\t<span class=\"elementor-divider-separator\">\n\t\t\t\t\t\t<\/span>\n\t\t<\/div>\n\t\t\t\t<\/div>\n\t\t\t\t<\/div>\n\t\t\t\t\t<\/div>\n\t\t<\/div>\n\t\t\t\t\t<\/div>\n\t\t<\/section>\n\t\t\t\t<section data-particle_enable=\"false\" data-particle-mobile-disabled=\"false\" class=\"elementor-section elementor-top-section elementor-element elementor-element-6fc69cb elementor-section-boxed elementor-section-height-default elementor-section-height-default\" data-id=\"6fc69cb\" data-element_type=\"section\">\n\t\t\t\t\t\t<div class=\"elementor-container elementor-column-gap-default\">\n\t\t\t\t\t<div class=\"elementor-column elementor-col-50 elementor-top-column elementor-element elementor-element-a41f46d\" data-id=\"a41f46d\" data-element_type=\"column\">\n\t\t\t<div class=\"elementor-widget-wrap elementor-element-populated\">\n\t\t\t\t\t\t<div class=\"elementor-element elementor-element-69613cd elementor-widget elementor-widget-Feedback\" data-id=\"69613cd\" data-element_type=\"widget\" data-widget_type=\"Feedback.default\">\n\t\t\t\t<div class=\"elementor-widget-container\">\n\t\t\t                    <div class=\"feedback-content\">\r\n                <span class=\"sub-title\">KV TOOLS<\/span>\r\n                <h2 >\u00bfQuienes somos?<\/h2>\r\n                <p >Somos una empresa especializada para el t\u00e9cnico automotriz, Nuestro prop\u00f3sito es desarrollar la competitividad y profesionalismo de los t\u00e9cnicos y programadores en la modalidad e-learning, ofreciendo cursos y talleres vanguardistas que fortalezcan su capacitaci\u00f3n y actualizaci\u00f3n continua, de igual manera proporcionamos interfaces y Software para desarrollar y llevar a cabo de la mejor manera la programaci\u00f3n y soluci\u00f3n de problemas de distintos veh\u00edculos de marcas americanas, Europeas y Asi\u00e1ticas.<\/p>\r\n\r\n                                    <div class=\"col-lg-12\">\r\n                                                            <div class=\"single-feedback-item\">\r\n                            <p>Aprenda con los especialistas en programaci\u00f3n automotriz de cada marca de veh\u00edculos.<\/p>\r\n                            <div class=\"client-info d-flex align-items-center\">\r\n                                                                <div class=\"title\">\r\n                                    <h3>KV TOOLS<\/h3>\r\n                                    <span>Interfaces y Programas Automotrices<\/span>\r\n                                <\/div>\r\n                            <\/div>\r\n                        <\/div>\r\n                                    <\/div>\r\n\r\n                                    <div class=\"feedback-info\">\r\n                        <p> <a href=\"\"><\/a><\/p>\r\n                    <\/div>\r\n                            <\/div>\r\n                \t\t<\/div>\n\t\t\t\t<\/div>\n\t\t\t\t\t<\/div>\n\t\t<\/div>\n\t\t\t\t<div class=\"elementor-column elementor-col-50 elementor-top-column elementor-element elementor-element-ad69ddd\" data-id=\"ad69ddd\" data-element_type=\"column\">\n\t\t\t<div class=\"elementor-widget-wrap elementor-element-populated\">\n\t\t\t\t\t\t<div class=\"elementor-element elementor-element-1c5f6e9 elementor-widget elementor-widget-presto_video\" data-id=\"1c5f6e9\" data-element_type=\"widget\" data-widget_type=\"presto_video.default\">\n\t\t\t\t<div class=\"elementor-widget-container\">\n\t\t\t<!--presto-player:video_id=71--><figure class=\"wp-block-video presto-block-video  presto-provider-youtube\" style=\"--plyr-color-main: var(--presto-player-highlight-color, #fc7104); --presto-player-logo-width: 150px; \">\n\t<presto-player \n\t\tpreset='{&quot;id&quot;:5,&quot;name&quot;:&quot;YouTube Optimized&quot;,&quot;slug&quot;:&quot;youtube&quot;,&quot;icon&quot;:&quot;youtube&quot;,&quot;skin&quot;:&quot;stacked&quot;,&quot;play-large&quot;:true,&quot;rewind&quot;:true,&quot;play&quot;:true,&quot;fast-forward&quot;:true,&quot;progress&quot;:true,&quot;current-time&quot;:true,&quot;mute&quot;:true,&quot;volume&quot;:true,&quot;speed&quot;:true,&quot;pip&quot;:false,&quot;fullscreen&quot;:true,&quot;captions&quot;:false,&quot;reset_on_end&quot;:true,&quot;auto_hide&quot;:true,&quot;captions_enabled&quot;:false,&quot;save_player_position&quot;:false,&quot;sticky_scroll&quot;:false,&quot;sticky_scroll_position&quot;:&quot;bottom right&quot;,&quot;on_video_end&quot;:&quot;select&quot;,&quot;play_video_viewport&quot;:false,&quot;hide_youtube&quot;:false,&quot;lazy_load_youtube&quot;:false,&quot;hide_logo&quot;:false,&quot;border_radius&quot;:0,&quot;caption_style&quot;:&quot;&quot;,&quot;caption_background&quot;:&quot;&quot;,&quot;is_locked&quot;:true,&quot;cta&quot;:[&quot;&quot;],&quot;watermark&quot;:[&quot;&quot;],&quot;email_collection&quot;:[&quot;&quot;],&quot;created_by&quot;:1,&quot;created_at&quot;:&quot;2022-08-20 18:51:08&quot;,&quot;updated_at&quot;:&quot;2022-08-21 02:16:02&quot;,&quot;deleted_at&quot;:&quot;&quot;,&quot;search&quot;:[&quot;&quot;],&quot;show_time_elapsed&quot;:false}'\n\t\tbranding='{&quot;logo&quot;:&quot;https:\\\/\\\/kvtools.com\\\/wp-content\\\/uploads\\\/2022\\\/08\\\/logotiny.png&quot;,&quot;color&quot;:&quot;#fc7104&quot;,&quot;logo_width&quot;:150,&quot;player_css&quot;:&quot;&quot;}'\n\t\tchapters='[]'\n\t\toverlays='[]'\n\t\ttracks='[]'\n\t\tblock-attributes='{&quot;playsInline&quot;:false,&quot;mutedPreview&quot;:{&quot;enabled&quot;:true,&quot;captions&quot;:false},&quot;mutedOverlay&quot;:{&quot;enabled&quot;:false,&quot;type&quot;:&quot;text&quot;,&quot;text&quot;:&quot;&quot;,&quot;src&quot;:&quot;&quot;,&quot;width&quot;:200,&quot;focalPoint&quot;:{&quot;x&quot;:0.5,&quot;y&quot;:0.5}},&quot;autoplay&quot;:false,&quot;id&quot;:71,&quot;src&quot;:&quot;https:\\\/\\\/youtu.be\\\/A_62mPyaiRs&quot;,&quot;preset&quot;:5,&quot;video_id&quot;:&quot;A_62mPyaiRs&quot;,&quot;title&quot;:&quot;Cursos de programaci\\u00f3n automotriz&quot;}'\n\t\tanalytics='1'\n\t\tautomations\t\tprovider='youtube'\n\t\t\t\tid=\"presto-player-1\"\n\t\tsrc=\"\/\/www.youtube.com\/embed\/A_62mPyaiRs?iv_load_policy=3&amp;modestbranding=1&amp;playinline=0&amp;showinfo=0&amp;rel=0&amp;enablejsapi=1\"\n\t\tmedia-title=\"Cursos de programaci\u00f3n automotriz\"\n\t\tcss=\"\"\n\t\tclass=\"presto-video-id-71 presto-preset-id-5 skin-stacked\"\n\t\tskin=\"stacked\" \n\t\ticon-url=\"https:\/\/kvtools.com\/wp-content\/plugins\/presto-player\/img\/sprite.svg\" \n\t\tpreload=\"\" \n\t\tposter=\"\"\n\t\tyoutube=\"{&quot;noCookie&quot;:false,&quot;channelId&quot;:&quot;&quot;,&quot;show_count&quot;:false}\"\n\t\tprovider-video-id=\"A_62mPyaiRs\"\n\t\tvideo-id=\"71\"\n\t\t\t\t \n\t\t\t\t>\n\t\t\n    <div class=\"presto-iframe-fallback-container\">\n        <iframe style=\"width: 100%\" title=\"Youtube Video\" class=\"presto-fallback-iframe\" id=\"presto-iframe-fallback-1\" data-src=\"https:\/\/www.youtube.com\/embed\/A_62mPyaiRs?iv_load_policy=3&amp;modestbranding=1&amp;playsinline=1&amp;showinfo=0&amp;rel=0&amp;enablejsapi=1\" allowfullscreen allowtransparency allow=\"autoplay\"><\/iframe>\n    <\/div>\n\n\t<\/presto-player>\n<\/figure>\t\t<\/div>\n\t\t\t\t<\/div>\n\t\t\t\t\t<\/div>\n\t\t<\/div>\n\t\t\t\t\t<\/div>\n\t\t<\/section>\n\t\t\t\t<section data-particle_enable=\"false\" data-particle-mobile-disabled=\"false\" class=\"elementor-section elementor-top-section elementor-element elementor-element-30c3c84 elementor-section-boxed elementor-section-height-default elementor-section-height-default\" data-id=\"30c3c84\" data-element_type=\"section\">\n\t\t\t\t\t\t<div class=\"elementor-container elementor-column-gap-default\">\n\t\t\t\t\t<div class=\"elementor-column elementor-col-100 elementor-top-column elementor-element elementor-element-7e9e175\" data-id=\"7e9e175\" data-element_type=\"column\">\n\t\t\t<div class=\"elementor-widget-wrap elementor-element-populated\">\n\t\t\t\t\t\t<div class=\"elementor-element elementor-element-3adb0f4 elementor-widget elementor-widget-About_Me\" data-id=\"3adb0f4\" data-element_type=\"widget\" data-widget_type=\"About_Me.default\">\n\t\t\t\t<div class=\"elementor-widget-container\">\n\t\t\t        <div class=\"about-me-area pb-100\">\r\n            <div class=\"container\">\r\n                <div class=\"about-me-inner\">\r\n                    <div class=\"row align-items-center\">\r\n                        <div class=\"col-lg-5 col-md-12\">\r\n                                                            <div class=\"about-me-image\">\r\n                                                                            <img decoding=\"async\" src=\"https:\/\/kvtools.com\/wp-content\/uploads\/2022\/08\/KV-1.jpg\" alt=\"About Me\">\r\n\t\t\t\t\t\t\t\t                                    <\/div>\r\n                                                    <\/div>\r\n                        <div class=\"col-lg-7 col-md-12\">\r\n                            <div class=\"about-me-content\">\r\n                                <span class=\"sub-title\">kv tools<\/span>\r\n                                <h2 >Nuestra Vision<\/h2>\r\n                                <p >Ser la compa\u00f1\u00eda de referencia en el \u00e1mbito automotriz ayudando a la distribuci\u00f3n de distintos  software e interfaces de vanguardia y proporcionar capacitaciones y cursos que permitan renovar o adquirir conocimientos actuales a las y los profesionales en programaci\u00f3n automotriz.\n\n<\/p>\r\n\r\n                                \r\n                                                            <\/div>\r\n                        <\/div>\r\n                    <\/div>\r\n                <\/div>\r\n            <\/div>\r\n        <\/div>\r\n        \t\t<\/div>\n\t\t\t\t<\/div>\n\t\t\t\t\t<\/div>\n\t\t<\/div>\n\t\t\t\t\t<\/div>\n\t\t<\/section>\n\t\t\t\t<\/div>","protected":false},"excerpt":{"rendered":"<p>KV TOOLS \u00bfQuienes somos? Somos una empresa especializada para el t\u00e9cnico automotriz, Nuestro prop\u00f3sito es desarrollar la competitividad y profesionalismo de los t\u00e9cnicos y programadores en la modalidad e-learning, ofreciendo cursos y talleres vanguardistas que fortalezcan su capacitaci\u00f3n y actualizaci\u00f3n continua, de igual manera proporcionamos interfaces y Software para desarrollar y llevar a cabo de <\/p>","protected":false},"author":1,"featured_media":0,"parent":0,"menu_order":0,"comment_status":"closed","ping_status":"closed","template":"","meta":{"_seopress_robots_primary_cat":"","_seopress_titles_title":"","_seopress_titles_desc":"","_seopress_robots_index":"","footnotes":""},"class_list":["post-1207","page","type-page","status-publish","hentry"],"acf":[],"_links":{"self":[{"href":"https:\/\/kvtools.com\/en\/wp-json\/wp\/v2\/pages\/1207","targetHints":{"allow":["GET"]}}],"collection":[{"href":"https:\/\/kvtools.com\/en\/wp-json\/wp\/v2\/pages"}],"about":[{"href":"https:\/\/kvtools.com\/en\/wp-json\/wp\/v2\/types\/page"}],"author":[{"embeddable":true,"href":"https:\/\/kvtools.com\/en\/wp-json\/wp\/v2\/users\/1"}],"replies":[{"embeddable":true,"href":"https:\/\/kvtools.com\/en\/wp-json\/wp\/v2\/comments?post=1207"}],"version-history":[{"count":0,"href":"https:\/\/kvtools.com\/en\/wp-json\/wp\/v2\/pages\/1207\/revisions"}],"wp:attachment":[{"href":"https:\/\/kvtools.com\/en\/wp-json\/wp\/v2\/media?parent=1207"}],"curies":[{"name":"wp","href":"https:\/\/api.w.org\/{rel}","templated":true}]}}