{"id":18627,"date":"2025-02-13T00:34:03","date_gmt":"2025-02-12T17:34:03","guid":{"rendered":"https:\/\/kvtools.com\/product\/curso-gm-avanzado-sincronizacion-programacion-y-mas\/"},"modified":"2025-02-13T00:34:03","modified_gmt":"2025-02-12T17:34:03","slug":"curso-gm-avanzado-sincronizacion-programacion-y-mas","status":"publish","type":"product","link":"https:\/\/kvtools.com\/en\/product\/curso-gm-avanzado-sincronizacion-programacion-y-mas\/","title":{"rendered":"Curso GM Avanzado: sincronizaci\u00f3n, programaci\u00f3n y m\u00e1s\u2026"},"content":{"rendered":"","protected":false},"excerpt":{"rendered":"","protected":false},"featured_media":18617,"template":"","meta":{"_seopress_robots_primary_cat":"","_seopress_titles_title":"","_seopress_titles_desc":"","_seopress_robots_index":""},"product_cat":[55],"product_tag":[],"class_list":{"0":"post-18627","1":"product","2":"type-product","3":"status-publish","4":"has-post-thumbnail","6":"product_cat-uncategorized","8":"first","9":"instock","10":"sold-individually","11":"shipping-taxable","12":"purchasable","13":"product-type-simple"},"acf":[],"_links":{"self":[{"href":"https:\/\/kvtools.com\/en\/wp-json\/wp\/v2\/product\/18627","targetHints":{"allow":["GET"]}}],"collection":[{"href":"https:\/\/kvtools.com\/en\/wp-json\/wp\/v2\/product"}],"about":[{"href":"https:\/\/kvtools.com\/en\/wp-json\/wp\/v2\/types\/product"}],"wp:featuredmedia":[{"embeddable":true,"href":"https:\/\/kvtools.com\/en\/wp-json\/wp\/v2\/media\/18617"}],"wp:attachment":[{"href":"https:\/\/kvtools.com\/en\/wp-json\/wp\/v2\/media?parent=18627"}],"wp:term":[{"taxonomy":"product_cat","embeddable":true,"href":"https:\/\/kvtools.com\/en\/wp-json\/wp\/v2\/product_cat?post=18627"},{"taxonomy":"product_tag","embeddable":true,"href":"https:\/\/kvtools.com\/en\/wp-json\/wp\/v2\/product_tag?post=18627"}],"curies":[{"name":"wp","href":"https:\/\/api.w.org\/{rel}","templated":true}]}}