{"id":19350,"date":"2025-04-10T07:26:22","date_gmt":"2025-04-10T00:26:22","guid":{"rendered":"https:\/\/kvtools.com\/product\/diagnostico-automotriz-con-escaner-de-la-teoria-a-la-practica\/"},"modified":"2025-04-10T07:26:22","modified_gmt":"2025-04-10T00:26:22","slug":"diagnostico-automotriz-con-escaner-de-la-teoria-a-la-practica","status":"publish","type":"product","link":"https:\/\/kvtools.com\/en\/product\/diagnostico-automotriz-con-escaner-de-la-teoria-a-la-practica\/","title":{"rendered":"Diagn\u00f3stico Automotriz con Esc\u00e1ner. De la Teor\u00eda a la Pr\u00e1ctica"},"content":{"rendered":"","protected":false},"excerpt":{"rendered":"","protected":false},"featured_media":19324,"template":"","meta":{"_seopress_robots_primary_cat":"","_seopress_titles_title":"","_seopress_titles_desc":"","_seopress_robots_index":""},"product_cat":[55],"product_tag":[],"class_list":{"0":"post-19350","1":"product","2":"type-product","3":"status-publish","4":"has-post-thumbnail","6":"product_cat-uncategorized","8":"first","9":"instock","10":"virtual","11":"sold-individually","12":"purchasable","13":"product-type-simple"},"acf":[],"_links":{"self":[{"href":"https:\/\/kvtools.com\/en\/wp-json\/wp\/v2\/product\/19350","targetHints":{"allow":["GET"]}}],"collection":[{"href":"https:\/\/kvtools.com\/en\/wp-json\/wp\/v2\/product"}],"about":[{"href":"https:\/\/kvtools.com\/en\/wp-json\/wp\/v2\/types\/product"}],"wp:featuredmedia":[{"embeddable":true,"href":"https:\/\/kvtools.com\/en\/wp-json\/wp\/v2\/media\/19324"}],"wp:attachment":[{"href":"https:\/\/kvtools.com\/en\/wp-json\/wp\/v2\/media?parent=19350"}],"wp:term":[{"taxonomy":"product_cat","embeddable":true,"href":"https:\/\/kvtools.com\/en\/wp-json\/wp\/v2\/product_cat?post=19350"},{"taxonomy":"product_tag","embeddable":true,"href":"https:\/\/kvtools.com\/en\/wp-json\/wp\/v2\/product_tag?post=19350"}],"curies":[{"name":"wp","href":"https:\/\/api.w.org\/{rel}","templated":true}]}}