{"id":19633,"date":"2025-05-22T06:42:20","date_gmt":"2025-05-21T23:42:20","guid":{"rendered":"https:\/\/kvtools.com\/product\/forscan-master-diagnostico-configuracion-y-conversion\/"},"modified":"2025-05-22T06:43:50","modified_gmt":"2025-05-21T23:43:50","slug":"forscan-master-diagnostico-configuracion-y-conversion","status":"publish","type":"product","link":"https:\/\/kvtools.com\/en\/product\/forscan-master-diagnostico-configuracion-y-conversion\/","title":{"rendered":"FORSCAN Master: Diagn\u00f3stico, Configuraci\u00f3n y Conversi\u00f3n"},"content":{"rendered":"","protected":false},"excerpt":{"rendered":"","protected":false},"featured_media":19564,"template":"","meta":{"_seopress_robots_primary_cat":"","_seopress_titles_title":"","_seopress_titles_desc":"","_seopress_robots_index":""},"product_cat":[55],"product_tag":[],"class_list":{"0":"post-19633","1":"product","2":"type-product","3":"status-publish","4":"has-post-thumbnail","6":"product_cat-uncategorized","8":"first","9":"instock","10":"virtual","11":"sold-individually","12":"purchasable","13":"product-type-simple"},"acf":[],"_links":{"self":[{"href":"https:\/\/kvtools.com\/en\/wp-json\/wp\/v2\/product\/19633","targetHints":{"allow":["GET"]}}],"collection":[{"href":"https:\/\/kvtools.com\/en\/wp-json\/wp\/v2\/product"}],"about":[{"href":"https:\/\/kvtools.com\/en\/wp-json\/wp\/v2\/types\/product"}],"wp:featuredmedia":[{"embeddable":true,"href":"https:\/\/kvtools.com\/en\/wp-json\/wp\/v2\/media\/19564"}],"wp:attachment":[{"href":"https:\/\/kvtools.com\/en\/wp-json\/wp\/v2\/media?parent=19633"}],"wp:term":[{"taxonomy":"product_cat","embeddable":true,"href":"https:\/\/kvtools.com\/en\/wp-json\/wp\/v2\/product_cat?post=19633"},{"taxonomy":"product_tag","embeddable":true,"href":"https:\/\/kvtools.com\/en\/wp-json\/wp\/v2\/product_tag?post=19633"}],"curies":[{"name":"wp","href":"https:\/\/api.w.org\/{rel}","templated":true}]}}