{"id":7582,"date":"2023-02-23T08:31:44","date_gmt":"2023-02-23T01:31:44","guid":{"rendered":"https:\/\/kvtools.com\/product\/curso-basico-gm-introduccion-a-programacion-usos-y-alcances-de-techline\/"},"modified":"2023-03-12T03:07:21","modified_gmt":"2023-03-11T20:07:21","slug":"curso-basico-gm-introduccion-a-programacion-usos-y-alcances-de-techline","status":"publish","type":"product","link":"https:\/\/kvtools.com\/en\/product\/curso-basico-gm-introduccion-a-programacion-usos-y-alcances-de-techline\/","title":{"rendered":"Curso b\u00e1sico GM (Introducci\u00f3n a programaci\u00f3n, usos y alcances de TECHLINE)"},"content":{"rendered":"","protected":false},"excerpt":{"rendered":"","protected":false},"featured_media":7569,"template":"","meta":{"_seopress_robots_primary_cat":"","_seopress_titles_title":"","_seopress_titles_desc":"","_seopress_robots_index":""},"product_cat":[55],"product_tag":[],"class_list":{"0":"post-7582","1":"product","2":"type-product","3":"status-publish","4":"has-post-thumbnail","6":"product_cat-uncategorized","8":"first","9":"instock","10":"virtual","11":"sold-individually","12":"purchasable","13":"product-type-simple"},"acf":[],"_links":{"self":[{"href":"https:\/\/kvtools.com\/en\/wp-json\/wp\/v2\/product\/7582","targetHints":{"allow":["GET"]}}],"collection":[{"href":"https:\/\/kvtools.com\/en\/wp-json\/wp\/v2\/product"}],"about":[{"href":"https:\/\/kvtools.com\/en\/wp-json\/wp\/v2\/types\/product"}],"wp:featuredmedia":[{"embeddable":true,"href":"https:\/\/kvtools.com\/en\/wp-json\/wp\/v2\/media\/7569"}],"wp:attachment":[{"href":"https:\/\/kvtools.com\/en\/wp-json\/wp\/v2\/media?parent=7582"}],"wp:term":[{"taxonomy":"product_cat","embeddable":true,"href":"https:\/\/kvtools.com\/en\/wp-json\/wp\/v2\/product_cat?post=7582"},{"taxonomy":"product_tag","embeddable":true,"href":"https:\/\/kvtools.com\/en\/wp-json\/wp\/v2\/product_tag?post=7582"}],"curies":[{"name":"wp","href":"https:\/\/api.w.org\/{rel}","templated":true}]}}